{"id":11698,"date":"2024-12-11T19:40:17","date_gmt":"2024-12-11T18:40:17","guid":{"rendered":"https:\/\/extali.eu\/?page_id=11698"},"modified":"2025-02-20T19:39:40","modified_gmt":"2025-02-20T18:39:40","slug":"about-the-ghp","status":"publish","type":"page","link":"https:\/\/gutehospitalpraxis.de\/en\/ueber-die-ghp\/","title":{"rendered":"About the GHP"},"content":{"rendered":"<div data-elementor-type=\"wp-page\" data-elementor-id=\"11698\" class=\"elementor elementor-11698\" data-elementor-post-type=\"page\">\n\t\t\t\t<div class=\"elementor-element elementor-element-7b9dc05 e-flex e-con-boxed e-con e-parent\" data-id=\"7b9dc05\" data-element_type=\"container\" data-e-type=\"container\">\n\t\t\t\t\t<div class=\"e-con-inner\">\n\t\t\t\t<div class=\"elementor-element elementor-element-870320d elementor-widget elementor-widget-heading\" data-id=\"870320d\" data-element_type=\"widget\" data-e-type=\"widget\" data-widget_type=\"heading.default\">\n\t\t\t\t<div class=\"elementor-widget-container\">\n\t\t\t\t\t<h1 class=\"elementor-heading-title elementor-size-default\">About the GHP<\/h1>\t\t\t\t<\/div>\n\t\t\t\t<\/div>\n\t\t\t\t<div class=\"elementor-element elementor-element-c3c53f8 elementor-widget elementor-widget-text-editor\" data-id=\"c3c53f8\" data-element_type=\"widget\" data-e-type=\"widget\" data-widget_type=\"text-editor.default\">\n\t\t\t\t<div class=\"elementor-widget-container\">\n\t\t\t\t\t\t\t\t\t<h2 id=\"die_ghp_im_internet\" class=\"sectionedit2\">Good Hospital Practice on the Internet<\/h2><div class=\"level2\"><p>Good Hospital Practice was launched in 1996. In the meantime, procedural instructions have been developed for many topics. For others, we still lack detailed descriptions. We believe that the gaps can only be closed with the co-operation of many experts.<\/p><p>The maintenance of procedural instructions must also be spread across more shoulders.<\/p><p>In order to advance the overall work, we have decided to release the texts under certain conditions. We ask for your co-operation on the documents.<\/p><h2 id=\"paten_gesucht\" class=\"sectionedit3\">Sponsors wanted!<\/h2><div class=\"level2\"><p>We are looking for authors to sponsor individual procedural instructions. Who knows a topic so well that he\/she can develop the text further or create a completely new one?<br>Who provides sample solutions, including forms or flow charts?<br>If you want to take part, you must first register. Please explain in an e-mail which topic you would like to work on.<br>You will then receive editing rights for the corresponding procedural instructions from the administrator.<br>Sponsors can refer to their own offers (seminars, services, products, website, etc.) in their documents.<br>Log in under \"user actions\" (at the bottom of the navigation bar!) Get a password and assign yourself editing rights for your topic.<\/p><p>Read more at&nbsp;<a class=\"urlextern\" title=\"http:\/\/www.gutehospitalpraxis.de\/wiki\/hinweise_fuer_authoren\" href=\"https:\/\/gutehospitalpraxis.de\/en\/notes-for-authors\/\" target=\"_blank\" rel=\"ugc nofollow noopener\">\"Notes for authors\"<\/a><\/p><h2 id=\"urheberrecht\" class=\"sectionedit4\">Copyright<\/h2><div class=\"level2\"><p>The texts are subject to copyright protection, but may be used without express authorisation provided the source is acknowledged*.<br>The source must be cited with the sentence: \"Using a Good Hospital Practice (GHP\u00ae) text downloaded on (date) and indicating the&nbsp;<abbr title=\"Uniform Resource Locator\">URL<\/abbr>. The text can be reused in compliance with the Creative Commons Licence\"<\/p><p>For more information see the&nbsp;<a class=\"wikilink1\" title=\"imprint\" href=\"https:\/\/gutehospitalpraxis.de\/en\/imprint\/\" data-wiki-id=\"impressum\">Imprint<\/a><\/p><p><em>*Copyright 2025 Dr U. Paschen QM Consulting in Medicine and Science and\/or named author<\/em> Copying, distributing and\/or modifying is permitted under the terms of the Creative Commons Public Licence Version 4.0. You may: copy and redistribute the material in any format or medium, remix, modify and build upon the material for any purpose, even commercially. The licensor cannot revoke these freedoms as long as you comply with the terms of the licence. This licence is suitable for free cultural works. The organisation with the titles of the chapters and procedural instructions are unchangeable sections. No front cover text and no back cover text.<br>A copy of the licence text can be found&nbsp;<a class=\"urlextern\" title=\"https:\/\/creativecommons.org\/licenses\/by\/4.0\/legalcode.de\" href=\"https:\/\/creativecommons.org\/licenses\/by\/4.0\/legalcode.de\" target=\"_blank\" rel=\"ugc nofollow noopener\">Creative Commons International<\/a><\/p><p><em>Copyright \u00a9 2025 Dr U. Paschen QM-Consulting in Medicine and Science and\/or named author<\/em>&nbsp;Permission is granted to copy, distribute and\/or modify this document under the terms of the Creative Commons Public Licence version 4.0 for any purpose, even commercially. This licence is acceptable for Free Cultural Works. The licensor cannot revoke these freedoms as long as you follow the licence terms.&nbsp;<a class=\"urlextern\" title=\"https:\/\/creativecommons.org\/licenses\/by\/4.0\/legalcode\" href=\"https:\/\/creativecommons.org\/licenses\/by\/4.0\/legalcode\" target=\"_blank\" rel=\"ugc nofollow noopener\">Creative Commons Public Licence<\/a><\/p><\/div><\/div><\/div>\t\t\t\t\t\t\t\t<\/div>\n\t\t\t\t<\/div>\n\t\t\t\t<div class=\"elementor-element elementor-element-b5a56d3 elementor-widget elementor-widget-text-editor\" data-id=\"b5a56d3\" data-element_type=\"widget\" data-e-type=\"widget\" data-widget_type=\"text-editor.default\">\n\t\t\t\t<div class=\"elementor-widget-container\">\n\t\t\t\t\t\t\t\t\t<div class=\"level1\"><p><strong>What is Good Hospital Practice GHP\u00ae and what is it not?<\/strong><\/p><\/div><div class=\"level2\"><p>The Good Hospital Practice GHP\u00ae is a QM manual for the entire hospital. It integrates structural and process elements of the organisation, the professional groups, the specialist disciplines and the services that the hospital uses to fulfil its task. It integrates the traditional QM systems of occupational safety, hygiene, radiation protection, technical safety, pharmacy, transfusion medicine, etc. into the overall system. In this sense, it is comprehensive.<\/p><p>GHP\u00ae is a hospital-specific QM system that is based on DIN EN ISO 9001:2015 and DIN EN 15224:2017. It interprets the requirements of the standard for quality presentation with regard to hospitals and other healthcare facilities. The Joint Commission International 2025 accreditation standard and the KTQ\u00ae catalogue 2021 were used and evaluated in the interpretation. Statutory requirements for hospital operations were also taken into account, in particular the G-BA's QM guideline.<\/p><p>No separate certification procedure is offered for GHP\u00ae. Anyone who designs a QM system with the GHP\u00ae VAs can submit to the auditor for a certificate in accordance with DIN EN ISO 9001:2015, DIN EN 15224:2017, accreditation by the JCI or the KTQ\u00ae visitor. In each case, conformity of the QM system with the certification or accreditation catalogues is achieved.<\/p><p>The \"Good Hospital Practice\" QM manual is divided into 9 chapters. Chapters 1 - 5 contain the description of the QM system. Chapters 6 - 9 are appendices with individual documents on treatment procedures (6), task descriptions (7), resources such as equipment, room, material and training (8) and a collection of laws, guidelines and directives, which we call the \"Catalogue of Recognised Rules\" (9).<\/p><p>Over 1,000 VAs, task descriptions and work instructions have currently been created for the GHP\u00ae. With forms, information sheets and other attachments, around 2600 documents are available or in the planning stage. Many of them are made available via this website.<\/p><p>You can participate in the development via this platform. If you want to know more, read the&nbsp;<a class=\"urlextern\" title=\"http:\/\/www.gutehospitalpraxis.de\/wiki\/hinweise_fuer_autoren\" href=\"https:\/\/gutehospitalpraxis.de\/en\/notes-for-authors\/\" target=\"_blank\" rel=\"ugc nofollow noopener\">\"Notes for authors\"<\/a><\/p><p>A guide to setting up or converting standard-compliant QM systems in healthcare organisations in accordance with DIN EN ISO 9001:2015 and DIN EN 15224 by Dr Ulrich Paschen has been published by Beuth Verlag! The book contains the entire text of ISO 9001, supplemented by the additional passages of DIN EN 15224, applicable laws, regulations and guidelines, a commentary on the standards and a proposal for procedural instructions that are required for the sections.<\/p><\/div>\t\t\t\t\t\t\t\t<\/div>\n\t\t\t\t<\/div>\n\t\t\t\t\t<\/div>\n\t\t\t\t<\/div>\n\t\t\t\t<\/div>","protected":false},"excerpt":{"rendered":"<p>\u00dcber die GHP Die Gute Hospitalpraxis im Internet Die Gute Hospital-Praxis wurde 1996 begonnen. Inzwischen sind f\u00fcr viele Themen Verfahrensanweisungen entstanden. F\u00fcr andere fehlen uns noch ausf\u00fchrliche Darstellungen. Wir glauben, dass nur unter Mitarbeit vieler Fachleute die L\u00fccken geschlossen werden k\u00f6nnen. Auch die Pflege der Verfahrensanweisungen muss auf mehr Schultern verteilt werden. Um das Gesamtwerk [&hellip;]<\/p>\n","protected":false},"author":1,"featured_media":0,"parent":0,"menu_order":0,"comment_status":"closed","ping_status":"closed","template":"","meta":{"_acf_changed":false,"footnotes":""},"class_list":["post-11698","page","type-page","status-publish","hentry","no-post-thumbnail"],"acf":[],"_links":{"self":[{"href":"https:\/\/gutehospitalpraxis.de\/en\/wp-json\/wp\/v2\/pages\/11698","targetHints":{"allow":["GET"]}}],"collection":[{"href":"https:\/\/gutehospitalpraxis.de\/en\/wp-json\/wp\/v2\/pages"}],"about":[{"href":"https:\/\/gutehospitalpraxis.de\/en\/wp-json\/wp\/v2\/types\/page"}],"author":[{"embeddable":true,"href":"https:\/\/gutehospitalpraxis.de\/en\/wp-json\/wp\/v2\/users\/1"}],"replies":[{"embeddable":true,"href":"https:\/\/gutehospitalpraxis.de\/en\/wp-json\/wp\/v2\/comments?post=11698"}],"version-history":[{"count":17,"href":"https:\/\/gutehospitalpraxis.de\/en\/wp-json\/wp\/v2\/pages\/11698\/revisions"}],"predecessor-version":[{"id":15948,"href":"https:\/\/gutehospitalpraxis.de\/en\/wp-json\/wp\/v2\/pages\/11698\/revisions\/15948"}],"wp:attachment":[{"href":"https:\/\/gutehospitalpraxis.de\/en\/wp-json\/wp\/v2\/media?parent=11698"}],"curies":[{"name":"wp","href":"https:\/\/api.w.org\/{rel}","templated":true}]}}