{"id":11698,"date":"2024-12-11T19:40:17","date_gmt":"2024-12-11T18:40:17","guid":{"rendered":"https:\/\/extali.eu\/?page_id=11698"},"modified":"2025-02-20T19:39:40","modified_gmt":"2025-02-20T18:39:40","slug":"sobre-el-ghp","status":"publish","type":"page","link":"https:\/\/gutehospitalpraxis.de\/es\/ueber-die-ghp\/","title":{"rendered":"Acerca de las BPA"},"content":{"rendered":"<div data-elementor-type=\"wp-page\" data-elementor-id=\"11698\" class=\"elementor elementor-11698\" data-elementor-post-type=\"page\">\n\t\t\t\t<div class=\"elementor-element elementor-element-7b9dc05 e-flex e-con-boxed e-con e-parent\" data-id=\"7b9dc05\" data-element_type=\"container\" data-e-type=\"container\">\n\t\t\t\t\t<div class=\"e-con-inner\">\n\t\t\t\t<div class=\"elementor-element elementor-element-870320d elementor-widget elementor-widget-heading\" data-id=\"870320d\" data-element_type=\"widget\" data-e-type=\"widget\" data-widget_type=\"heading.default\">\n\t\t\t\t<div class=\"elementor-widget-container\">\n\t\t\t\t\t<h1 class=\"elementor-heading-title elementor-size-default\">Acerca de las BPA<\/h1>\t\t\t\t<\/div>\n\t\t\t\t<\/div>\n\t\t\t\t<div class=\"elementor-element elementor-element-c3c53f8 elementor-widget elementor-widget-text-editor\" data-id=\"c3c53f8\" data-element_type=\"widget\" data-e-type=\"widget\" data-widget_type=\"text-editor.default\">\n\t\t\t\t<div class=\"elementor-widget-container\">\n\t\t\t\t\t\t\t\t\t<h2 id=\"die_ghp_im_internet\" class=\"sectionedit2\">Buenas pr\u00e1cticas hospitalarias en Internet<\/h2><div class=\"level2\"><p>Las Buenas Pr\u00e1cticas Hospitalarias se pusieron en marcha en 1996. Entretanto, se han elaborado instrucciones de procedimiento para muchos temas. Para otros, a\u00fan faltan descripciones detalladas. Creemos que las lagunas s\u00f3lo podr\u00e1n colmarse con la cooperaci\u00f3n de muchos expertos.<\/p><p>El mantenimiento de las instrucciones de procedimiento tambi\u00e9n debe repartirse entre m\u00e1s hombros.<\/p><p>Para avanzar en el trabajo general, hemos decidido divulgar los textos bajo ciertas condiciones. Les pedimos su cooperaci\u00f3n en relaci\u00f3n con los documentos.<\/p><h2 id=\"paten_gesucht\" class=\"sectionedit3\">Se buscan patrocinadores<\/h2><div class=\"level2\"><p>Buscamos autores para patrocinar instrucciones de procedimiento individuales. \u00bfQui\u00e9n conoce tan bien un tema que puede desarrollar el texto o crearlo desde cero?<br>\u00bfQui\u00e9n proporciona ejemplos de soluciones, incluidos formularios o diagramas de flujo?<br>Si desea participar, primero debe inscribirse. Explique en un correo electr\u00f3nico en qu\u00e9 tema le gustar\u00eda trabajar.<br>A continuaci\u00f3n, recibir\u00e1 del administrador derechos de edici\u00f3n para las instrucciones de procedimiento correspondientes.<br>Los patrocinadores pueden hacer referencia a sus propias ofertas (seminarios, servicios, productos, sitio web, etc.) en sus documentos.<br>Inicie sesi\u00f3n en \"acciones de usuario\" (en la parte inferior de la barra de navegaci\u00f3n). Obtenga una contrase\u00f1a y as\u00edgnese derechos de edici\u00f3n para su tema.<\/p><p>M\u00e1s informaci\u00f3n en&nbsp;<a class=\"urlextern\" title=\"http:\/\/www.gutehospitalpraxis.de\/wiki\/hinweise_fuer_authoren\" href=\"https:\/\/gutehospitalpraxis.de\/es\/notas-para-los-autores\/\" target=\"_blank\" rel=\"ugc nofollow noopener\">\"Notas para los autores\"<\/a><\/p><h2 id=\"urheberrecht\" class=\"sectionedit4\">Copyright<\/h2><div class=\"level2\"><p>Los textos est\u00e1n protegidos por derechos de autor, pero pueden utilizarse sin autorizaci\u00f3n expresa siempre que se cite la fuente*.<br>La fuente debe citarse con la frase: \"Utilizando un texto de Buenas Pr\u00e1cticas Hospitalarias (BPH\u00ae) descargado el (fecha) y citando la&nbsp;<abbr title=\"Localizador uniforme de recursos\">URL<\/abbr>. El texto puede reutilizarse respetando la licencia Creative Commons\".<\/p><p>Para m\u00e1s informaci\u00f3n&nbsp;<a class=\"wikilink1\" title=\"imprimir\" href=\"https:\/\/gutehospitalpraxis.de\/es\/imprimir\/\" data-wiki-id=\"impressum\">Pie de imprenta<\/a><\/p><p><em>*Copyright 2025 Dr U. Paschen QM Consulting in Medicine and Science y\/o autor mencionado<\/em> La copia, distribuci\u00f3n y\/o modificaci\u00f3n est\u00e1n permitidas bajo los t\u00e9rminos de la Licencia P\u00fablica Creative Commons Versi\u00f3n 4.0. Usted puede: copiar y redistribuir el material en cualquier formato o medio, remezclar, modificar y construir sobre el material para cualquier prop\u00f3sito, incluso comercial. El licenciante no puede revocar estas libertades mientras usted cumpla los t\u00e9rminos de la licencia. Esta licencia es adecuada para obras culturales libres. La organizaci\u00f3n con los t\u00edtulos de los cap\u00edtulos y las instrucciones de procedimiento son secciones inalterables. No hay texto en la portada ni en la contraportada.<br>Encontrar\u00e1 una copia del texto de la licencia&nbsp;<a class=\"urlextern\" title=\"https:\/\/creativecommons.org\/licenses\/by\/4.0\/legalcode.de\" href=\"https:\/\/creativecommons.org\/licenses\/by\/4.0\/legalcode.de\" target=\"_blank\" rel=\"ugc nofollow noopener\">Creative Commons Internacional<\/a><\/p><p><em>Copyright \u00a9 2025 Dr. U. Paschen QM-Consulting in Medicine and Science y\/o autor mencionado<\/em>&nbsp;Se concede permiso para copiar, distribuir y\/o modificar este documento bajo los t\u00e9rminos de la Licencia P\u00fablica Creative Commons versi\u00f3n 4.0 para cualquier prop\u00f3sito, incluso comercial. Esta licencia es aceptable para las Obras Culturales Libres. El licenciante no puede revocar estas libertades siempre que se respeten los t\u00e9rminos de la licencia.&nbsp;<a class=\"urlextern\" title=\"https:\/\/creativecommons.org\/licenses\/by\/4.0\/legalcode\" href=\"https:\/\/creativecommons.org\/licenses\/by\/4.0\/legalcode\" target=\"_blank\" rel=\"ugc nofollow noopener\">Licencia p\u00fablica Creative Commons<\/a><\/p><\/div><\/div><\/div>\t\t\t\t\t\t\t\t<\/div>\n\t\t\t\t<\/div>\n\t\t\t\t<div class=\"elementor-element elementor-element-b5a56d3 elementor-widget elementor-widget-text-editor\" data-id=\"b5a56d3\" data-element_type=\"widget\" data-e-type=\"widget\" data-widget_type=\"text-editor.default\">\n\t\t\t\t<div class=\"elementor-widget-container\">\n\t\t\t\t\t\t\t\t\t<div class=\"level1\"><p><strong>\u00bfQu\u00e9 son y qu\u00e9 no son las Buenas Pr\u00e1cticas Hospitalarias GHP\u00ae?<\/strong><\/p><\/div><div class=\"level2\"><p>Las Buenas Pr\u00e1cticas Hospitalarias BPH\u00ae son un manual de gesti\u00f3n de la calidad para todo el hospital. Integra elementos estructurales y de proceso de la organizaci\u00f3n, los grupos profesionales, las disciplinas especializadas y los servicios que el hospital utiliza para cumplir su cometido. Integra los sistemas tradicionales de gesti\u00f3n de la calidad de la seguridad en el trabajo, la higiene, la protecci\u00f3n contra las radiaciones, la seguridad t\u00e9cnica, la farmacia, la medicina transfusional, etc., en el sistema global. En este sentido, es global.<\/p><p>GHP\u00ae es un sistema de gesti\u00f3n de la calidad espec\u00edfico para hospitales que se basa en las normas DIN EN ISO 9001:2015 y DIN EN 15224:2017. Interpreta los requisitos de la norma para la presentaci\u00f3n de la calidad en relaci\u00f3n con los hospitales y otros centros sanitarios. En la interpretaci\u00f3n se utilizaron y evaluaron la norma de acreditaci\u00f3n Joint Commission International 2025 y el cat\u00e1logo KTQ\u00ae 2021. Tambi\u00e9n se tuvieron en cuenta los requisitos legales para el funcionamiento de los hospitales, en particular la directriz QM de G-BA.<\/p><p>No se ofrece ning\u00fan procedimiento de certificaci\u00f3n independiente para las BPA\u00ae. Cualquiera que dise\u00f1e un sistema de gesti\u00f3n de la calidad con las VAs de GHP\u00ae puede solicitar al auditor un certificado conforme a las normas DIN EN ISO 9001:2015, DIN EN 15224:2017, la acreditaci\u00f3n por la JCI o el visitante KTQ\u00ae. En cada caso, se consigue la conformidad del sistema QM con los cat\u00e1logos de certificaci\u00f3n o acreditaci\u00f3n.<\/p><p>El manual de gesti\u00f3n de calidad \"Buenas pr\u00e1cticas hospitalarias\" se divide en 9 cap\u00edtulos. Los cap\u00edtulos 1 a 5 contienen la descripci\u00f3n del sistema de gesti\u00f3n de calidad. Los cap\u00edtulos 6 a 9 son ap\u00e9ndices con documentos individuales sobre procedimientos de tratamiento (6), descripciones de tareas (7), recursos como equipos, salas, material y formaci\u00f3n (8) y una recopilaci\u00f3n de leyes, directrices y pautas, que denominamos \"Cat\u00e1logo de normas reconocidas\" (9).<\/p><p>Actualmente se han creado m\u00e1s de 1.000 VAs, descripciones de tareas e instrucciones de trabajo para las BPAs\u00ae. Con los formularios, hojas informativas y otros anexos, se dispone de unos 2600 documentos o est\u00e1n en fase de planificaci\u00f3n. Muchos de ellos est\u00e1n disponibles a trav\u00e9s de este sitio web.<\/p><p>Puedes participar en el desarrollo a trav\u00e9s de esta plataforma. Si quiere saber m\u00e1s, lea el&nbsp;<a class=\"urlextern\" title=\"http:\/\/www.gutehospitalpraxis.de\/wiki\/hinweise_fuer_autoren\" href=\"https:\/\/gutehospitalpraxis.de\/es\/notas-para-los-autores\/\" target=\"_blank\" rel=\"ugc nofollow noopener\">\"Notas para los autores\"<\/a><\/p><p>Beuth Verlag ha publicado una gu\u00eda para establecer o convertir sistemas de gesti\u00f3n de la calidad conformes con las normas en organizaciones sanitarias, de conformidad con las normas DIN EN ISO 9001:2015 y DIN EN 15224, del Dr. Ulrich Paschen. El libro contiene el texto completo de la norma ISO 9001, complementado con los pasajes adicionales de la norma DIN EN 15224, las leyes, reglamentos y directrices aplicables, un comentario sobre las normas y una propuesta de instrucciones de procedimiento necesarias para las secciones.<\/p><\/div>\t\t\t\t\t\t\t\t<\/div>\n\t\t\t\t<\/div>\n\t\t\t\t\t<\/div>\n\t\t\t\t<\/div>\n\t\t\t\t<\/div>","protected":false},"excerpt":{"rendered":"<p>\u00dcber die GHP Die Gute Hospitalpraxis im Internet Die Gute Hospital-Praxis wurde 1996 begonnen. Inzwischen sind f\u00fcr viele Themen Verfahrensanweisungen entstanden. F\u00fcr andere fehlen uns noch ausf\u00fchrliche Darstellungen. Wir glauben, dass nur unter Mitarbeit vieler Fachleute die L\u00fccken geschlossen werden k\u00f6nnen. Auch die Pflege der Verfahrensanweisungen muss auf mehr Schultern verteilt werden. Um das Gesamtwerk [&hellip;]<\/p>\n","protected":false},"author":1,"featured_media":0,"parent":0,"menu_order":0,"comment_status":"closed","ping_status":"closed","template":"","meta":{"_acf_changed":false,"footnotes":""},"class_list":["post-11698","page","type-page","status-publish","hentry","no-post-thumbnail"],"acf":[],"_links":{"self":[{"href":"https:\/\/gutehospitalpraxis.de\/es\/wp-json\/wp\/v2\/pages\/11698","targetHints":{"allow":["GET"]}}],"collection":[{"href":"https:\/\/gutehospitalpraxis.de\/es\/wp-json\/wp\/v2\/pages"}],"about":[{"href":"https:\/\/gutehospitalpraxis.de\/es\/wp-json\/wp\/v2\/types\/page"}],"author":[{"embeddable":true,"href":"https:\/\/gutehospitalpraxis.de\/es\/wp-json\/wp\/v2\/users\/1"}],"replies":[{"embeddable":true,"href":"https:\/\/gutehospitalpraxis.de\/es\/wp-json\/wp\/v2\/comments?post=11698"}],"version-history":[{"count":17,"href":"https:\/\/gutehospitalpraxis.de\/es\/wp-json\/wp\/v2\/pages\/11698\/revisions"}],"predecessor-version":[{"id":15948,"href":"https:\/\/gutehospitalpraxis.de\/es\/wp-json\/wp\/v2\/pages\/11698\/revisions\/15948"}],"wp:attachment":[{"href":"https:\/\/gutehospitalpraxis.de\/es\/wp-json\/wp\/v2\/media?parent=11698"}],"curies":[{"name":"wp","href":"https:\/\/api.w.org\/{rel}","templated":true}]}}