{"id":11704,"date":"2024-12-11T19:50:46","date_gmt":"2024-12-11T18:50:46","guid":{"rendered":"https:\/\/extali.eu\/?page_id=11704"},"modified":"2025-01-03T17:48:06","modified_gmt":"2025-01-03T16:48:06","slug":"notas-para-los-autores","status":"publish","type":"page","link":"https:\/\/gutehospitalpraxis.de\/es\/hinweise-fuer-autoren\/","title":{"rendered":"Notas para los autores"},"content":{"rendered":"<div data-elementor-type=\"wp-page\" data-elementor-id=\"11704\" class=\"elementor elementor-11704\" data-elementor-post-type=\"page\">\n\t\t\t\t<div class=\"elementor-element elementor-element-7b9dc05 e-flex e-con-boxed e-con e-parent\" data-id=\"7b9dc05\" data-element_type=\"container\" data-e-type=\"container\">\n\t\t\t\t\t<div class=\"e-con-inner\">\n\t\t\t\t<div class=\"elementor-element elementor-element-b5a56d3 elementor-widget elementor-widget-text-editor\" data-id=\"b5a56d3\" data-element_type=\"widget\" data-e-type=\"widget\" data-widget_type=\"text-editor.default\">\n\t\t\t\t<div class=\"elementor-widget-container\">\n\t\t\t\t\t\t\t\t\t<div class=\"level1\"><h2 id=\"aufbau_der_ghp\" class=\"sectionedit2\">Participar activamente como autor<\/h2><p><strong>Las BPA proporcionan una estructura para organizar y gestionar las instrucciones de procedimiento (VA), las instrucciones de trabajo, los formularios y los prospectos que deben presentarse en el sistema global de gesti\u00f3n de la calidad de un hospital para convencer a los clientes (pagadores, m\u00e9dicos remitentes, pacientes y autoridades supervisoras) y a la direcci\u00f3n del hospital de la calidad de la prestaci\u00f3n del servicio.<\/strong><\/p><p>La creaci\u00f3n de instrucciones de procedimiento es mucho m\u00e1s compleja y el alcance de un manual de gesti\u00f3n de calidad es mucho mayor de lo que se pensaba hace unos a\u00f1os. Los estrechos folletos con euf\u00f3nicas declaraciones de intenciones se han convertido en extensos \"libros blancos\".<br>La presentaci\u00f3n de la calidad se ha convertido en un campo especializado, como la asesor\u00eda fiscal o el controlling. Las direcciones de los hospitales necesitan asesoramiento para dominar esta tarea. \u00bfQu\u00e9 temas hay que abordar? \u00bfEn qu\u00e9 orden? \u00bfC\u00f3mo se redactan las instrucciones? \u00bfQu\u00e9 hay que incluir? \u00bfC\u00f3mo tratar la abundancia de material? \u00bfC\u00f3mo deben ser las normas individuales? \u00bfPor qu\u00e9 muchas instrucciones no funcionan?<\/p><p>Las BPA\u00ae son una herramienta de asesoramiento para que los gestores de los hospitales gestionen la tarea de presentaci\u00f3n de la calidad de forma completa, fiable y eficaz. Las BPA\u00ae no son un procedimiento de certificaci\u00f3n en s\u00ed mismas. Sin embargo, cualquiera que dise\u00f1e su sistema de gesti\u00f3n de la calidad con las VAs de las BPAs\u00ae puede presentar con \u00e9xito al auditor un certificado conforme a la norma DIN ISO 9001:2015 o DIN EN 15224_2017, el procedimiento de acreditaci\u00f3n por la JCI o el visitante KTQ\u00ae. En cada caso, se consigue la conformidad con los cat\u00e1logos de certificaci\u00f3n o acreditaci\u00f3n.<\/p><\/div>\t\t\t\t\t\t\t\t<\/div>\n\t\t\t\t<\/div>\n\t\t\t\t<div class=\"elementor-element elementor-element-c3c53f8 elementor-widget elementor-widget-text-editor\" data-id=\"c3c53f8\" data-element_type=\"widget\" data-e-type=\"widget\" data-widget_type=\"text-editor.default\">\n\t\t\t\t<div class=\"elementor-widget-container\">\n\t\t\t\t\t\t\t\t\t<h2 id=\"aufbau_der_ghp\" class=\"sectionedit2\">Estructura de las BPA<\/h2><div class=\"level2\"><p>El manual de gesti\u00f3n de calidad \"Buenas pr\u00e1cticas hospitalarias\" se divide en 9 cap\u00edtulos. Los cap\u00edtulos 1 a 5 contienen la descripci\u00f3n del sistema de gesti\u00f3n de calidad.<br>Los cap\u00edtulos 6 a 9 son ap\u00e9ndices con documentos sobre procedimientos de tratamiento (6), descripciones de tareas (7), recursos como equipos, salas, material y documentaci\u00f3n sobre formaci\u00f3n (8) y \"Normas reconocidas\" (9).<\/p><p>Los 9 cap\u00edtulos del manual QM se dividen en 22 secciones. Cada secci\u00f3n va precedida de un texto con los requisitos que se derivan de las normas y cuya aplicaci\u00f3n se describe en las siguientes instrucciones de procedimiento.<\/p><p>Las instrucciones de procedimiento (VA) incluyen formularios, listas de control, hojas informativas, etc.<\/p><p>La estructura de cap\u00edtulos y secciones se basa en la de los cat\u00e1logos de certificaci\u00f3n. Los entendidos reconocer\u00e1n el cat\u00e1logo DIN ISO 9001 o el KTQ\u00ae. Para tener en cuenta los cat\u00e1logos en la misma medida, era inevitable introducir ciertos cambios. La estructura que finalmente se ha encontrado ha demostrado su eficacia y est\u00e1 lista para nuevas incorporaciones.<\/p><p>El orden de las VA no siempre permit\u00eda ordenar adecuadamente los temas relacionados. Con el tiempo, se fueron a\u00f1adiendo temas al cat\u00e1logo. Por lo general, simplemente se a\u00f1ad\u00edan a la lista para no tener que reordenar una y otra vez la estructura inicial. Si la codificaci\u00f3n cambia, es pr\u00e1cticamente imposible rastrear documentos individuales.<\/p><p>No hay que subestimar el problema de hacer localizables los documentos, evitar duplicaciones y crear un sistema de archivo cronol\u00f3gico de los documentos archivados.<\/p><p>Por lo tanto, la estructura de las BPA\u00ae no puede modificarse. Est\u00e1 protegida por derechos de autor.<\/p><h2 id=\"die_anforderungen_und_ihre_umsetzung\" class=\"sectionedit3\">Los requisitos y su aplicaci\u00f3n<\/h2><div class=\"level2\"><p>En las BPA\u00ae, las secciones van precedidas de textos que contienen los requisitos para la presentaci\u00f3n de la calidad. Est\u00e1n tomados de los conocidos cat\u00e1logos de certificaci\u00f3n, en primer lugar, por supuesto, de la norma DIN ISO 9001, pero tambi\u00e9n de los de la Joint Commission International, la EFQM y el cat\u00e1logo KTQ\u00ae. DIN ISO 9001 tuvo que interpretarse en muchos lugares. El cat\u00e1logo de requisitos de la JCI fue muy \u00fatil para ello. El cat\u00e1logo KTQ\u00ae tambi\u00e9n contiene muchas sugerencias, pero \u00e9stas se elaboran y especifican m\u00e1s en las BPA\u00ae.<\/p><p>Se formularon t\u00edtulos para las instrucciones de procedimiento y se prepararon breves descripciones de su contenido.<\/p><p>En algunos casos, la divisi\u00f3n tem\u00e1tica en VA parece arbitraria. Para algunos, el desglose es demasiado detallado. Otros habr\u00edan preferido una divisi\u00f3n en varias secciones u omitido aspectos importantes.<\/p><p>Puedes a\u00f1adir m\u00e1s puntos a la declaraci\u00f3n y ampliar la lista de VAs. Esto ocurrir\u00e1 sin duda. Sin embargo, apenas es posible suprimir VAs a menos que el tema no ocurra en un hospital (por ejemplo, lavander\u00eda, cafeter\u00eda).<\/p><h2 id=\"verfahrensanweisungen\" class=\"sectionedit4\">Instrucciones de procedimiento<\/h2><div class=\"level2\"><p>Ya hemos desarrollado muchas VA y las hemos incluido como textos completos en el manual QM. El documento suele ser muy general y debe adaptarse a las condiciones locales antes de utilizarlo. Otras VA regulan procesos que se dan de la misma forma o de forma muy parecida en todos los hospitales. Entonces no queda m\u00e1s remedio que introducirlas en la propia organizaci\u00f3n.<\/p><p>Los modelos de AC no son normas que puedan adoptarse sin m\u00e1s. La esperanza de simplemente a\u00f1adir un logotipo a un documento y adoptarlo en su propio manual de gesti\u00f3n de calidad es muy enga\u00f1osa. Hay que leerlas, comprenderlas y, por lo general, adaptarlas. Las VA de muestra deben considerarse ejemplos m\u00e1s o menos acertados para orientar a los autores a la hora de crear sus propias VA. Revisarlas para uso propio, que siempre es necesario, exigir\u00e1 cierto esfuerzo en s\u00ed mismo. Redactar este tipo de documentos no es en absoluto trivial, si se quiere que tengan una utilidad pr\u00e1ctica y no sean meros llamamientos no vinculantes.<\/p><h2 id=\"gemeinschaftwerk\" class=\"sectionedit5\">Empresa conjunta<\/h2><div class=\"level2\"><p>Los usuarios de las BPAs\u00ae pueden contribuir a su desarrollo a tres niveles:<\/p><h3 id=\"diskussion\" class=\"sectionedit6\">Debate<\/h3><div class=\"level3\"><p>Puede comentar cualquier muestra de VA. Debajo de cada VA encontrar\u00e1 un campo para comentarios. Introduzca su nombre y direcci\u00f3n de correo electr\u00f3nico para que podamos responder adecuadamente a su aportaci\u00f3n. Siga el desarrollo del documento marcando la VA en la barra \"Marcar en\". O pase el documento a sus colegas.<\/p><h3 id=\"pate_werden\" class=\"sectionedit7\">Convi\u00e9rtase en patrocinador<\/h3><div class=\"level3\"><p>Si considera que tiene conocimientos espec\u00edficos sobre un tema, le pedimos que patrocine el documento. Recibir\u00e1 los derechos exclusivos de edici\u00f3n. Puede (aunque no es obligatorio) dar su nombre como autor. A petici\u00f3n suya, tambi\u00e9n pondremos un enlace (posiblemente con un logotipo) a su sitio web, donde ofrecer\u00e1 m\u00e1s informaci\u00f3n.<\/p><p>Como promotor, est\u00e1 obligado a mantener el documento actualizado. Introduzca cambios. Realice las adiciones necesarias. Tenga en cuenta el debate sobre la VA, que se le env\u00eda autom\u00e1ticamente si se suscribe al debate sobre el documento como fuente RSS o lo sigue pulsando \"Suscribirse a los comentarios\".<\/p><p>Como patrocinador, no tiene que temer ninguna guerra de editores. Usted es el \u00fanico que vela por el desarrollo del documento.<\/p><h3 id=\"autor_werden\" class=\"sectionedit8\">Convi\u00e9rtase en autor<\/h3><div class=\"level3\"><p>El autor aporta la contribuci\u00f3n m\u00e1s amplia. En particular, deben a\u00f1adirse nuevas VA cuando falten explicaciones sobre un tema o sean escasas hasta el punto de resultar in\u00fatiles. Asume la autor\u00eda y -esto es l\u00f3gico- tambi\u00e9n el patrocinio posterior.<\/p><p>Si no publica su texto bajo una licencia GNU, indique la restricci\u00f3n.<\/p><h2 id=\"verfahrensanweisungen_erstellen\" class=\"sectionedit9\">Crear instrucciones de procedimiento<\/h2><div class=\"level2\"><p>Si desea redactar una nueva VA, siga las instrucciones de la VA 3.7.03. All\u00ed se explica la estructura de las VA. Si el tema lo permite, debe seguirse la estructura. Si resulta demasiado engorroso, puede adaptar la estructura. Hasta ahora, esto s\u00f3lo ha sido necesario en casos individuales. Si no hay nada que escribir sobre los t\u00edtulos individuales, d\u00e9jelos como est\u00e1n. Simplemente deje el p\u00e1rrafo en blanco. No cambie el orden de los p\u00e1rrafos. Esto ayuda al lector a orientarse.<\/p><h2 id=\"bearbeitung_des_textes\" class=\"sectionedit10\">Editar el texto<\/h2><div class=\"level2\"><p>Si prefiere crear su texto en WORD, env\u00edenos el archivo como archivo adjunto a un correo electr\u00f3nico a <a href=\"mailto:upaschen@qm-beratung-krankenhaus.de\">upaschen@qm-beratung-krankenhaus.de<\/a> Introducimos el texto formateado en el manual de QM. A continuaci\u00f3n, puede editar f\u00e1cilmente el texto en la funci\u00f3n de edici\u00f3n.<\/p><p>Si desea trabajar directamente en el formulario, nosotros le cederemos los derechos correspondientes como autor (lectura y edici\u00f3n de la VA cuyo patrocinio ha asumido).<\/p><p>Si desea editar una VA en exclusiva, comun\u00edquenoslo por correo electr\u00f3nico. Recibir\u00e1 entonces los derechos de edici\u00f3n correspondientes. El editor de texto quedar\u00e1 bloqueado para el resto de usuarios.<\/p><div class=\"section_highlight_wrapper\"><h2 id=\"hinweise_zum_zugang_der_texteingabe_formatierung_und_zum_einfuegen_von_links\" class=\"sectionedit11\">Notas sobre el acceso, la introducci\u00f3n de texto, el formato y la inserci\u00f3n de enlaces.<\/h2><div class=\"level2\">&nbsp;<\/div><\/div><div class=\"section_highlight_wrapper\"><h3 id=\"zugang\" class=\"sectionedit12\">Acceda a<\/h3><div class=\"level3\"><p>Cualquiera puede introducir texto en los campos \"Discusi\u00f3n\" para una instrucci\u00f3n de procedimiento u otro documento. Se requiere un nombre y una direcci\u00f3n de correo electr\u00f3nico.<\/p><p>Si desea seguir el debate sobre una instrucci\u00f3n procesal, puede suscribirse al comentario.<\/p><p>Si desea cambiar los textos, debe registrarse o iniciar sesi\u00f3n como \"Usuario\". Para ello, inicie sesi\u00f3n en \"Registrarse\". Si a\u00fan no tiene nombre de usuario y contrase\u00f1a, debe registrarse. Recibir\u00e1 un correo electr\u00f3nico con una contrase\u00f1a<\/p><p>A continuaci\u00f3n, con\u00e9ctese en \"Iniciar sesi\u00f3n\". Si desea trabajar durante m\u00e1s tiempo, haga clic en \"Permanecer conectado\".<\/p><p>Si tiene derechos de edici\u00f3n, ahora puede personalizar la p\u00e1gina en \"Editar\" en la p\u00e1gina correspondiente. Acceder\u00e1 entonces al nivel de edici\u00f3n.<\/p><h3 id=\"texteingabe\" class=\"sectionedit13\">Introducci\u00f3n de texto<\/h3><div class=\"level3\"><p>Aqu\u00ed puede introducir textos directamente, como est\u00e1 acostumbrado a hacer con los programas de tratamiento de textos.<\/p><p>Para ello, haga clic en el bot\u00f3n \"Editar\" situado debajo de la secci\u00f3n de texto que desee modificar. Los t\u00edtulos a veces tienen su propio bot\u00f3n \"Editar\". Este es siempre el caso si no hay m\u00e1s texto bajo el t\u00edtulo.<\/p><p>Las opciones de dise\u00f1o son menores de lo que est\u00e1 acostumbrado con los procesadores de texto normales. Sin embargo, insertar, escribir y borrar funcionan de la misma forma a la que est\u00e1 acostumbrado.<\/p><p>Puede copiar textos de otros programas a trav\u00e9s del portapapeles. Tambi\u00e9n puedes copiar textos de un lado a otro, pero no puedes moverlos manteniendo pulsado el bot\u00f3n del rat\u00f3n.<\/p><h3 id=\"formatierungen\" class=\"sectionedit14\">Formato<\/h3><div class=\"level3\"><p>Puede transferir el formato desde WORD.<\/p><p>La mejor manera de ver c\u00f3mo funciona el editor WYSIWYG es abrir este texto en modo de edici\u00f3n.<\/p><p>Encontrar\u00e1 algunas herramientas en la barra de edici\u00f3n:<\/p><p>Para negrita, cursiva o subrayado, seleccione el texto manteniendo pulsado el bot\u00f3n izquierdo del rat\u00f3n. A continuaci\u00f3n, haga clic en \"B\", \"I\" o \"U\". En la ventana de edici\u00f3n, s\u00f3lo ver\u00e1 los caracteres de formato que implementan el comando.<\/p><p>Tambi\u00e9n puede escribir en los s\u00edmbolos del editor<\/p><p>Tambi\u00e9n puede combinar estas opciones de formato:<\/p><p><em class=\"u\"><em><strong>subrayado en negrita cursiva<\/strong><\/em><\/em><\/p><p>Los encabezamientos y esquemas deben reasignarse. Por favor, lim\u00edtese a los siguientes caracteres de formato:<\/p><p>T\u00edtulo H1<\/p><p>R\u00fabrica 1 H2<\/p><p>R\u00fabrica 2 H3<\/p><p>R\u00fabrica 3 H4<\/p><p>Subr\u00fabricas H5<\/p><p>Los encabezamientos no se numeran autom\u00e1ticamente. Si desea una estructura DIN, deber\u00e1 introducirla y modificarla al insertar los encabezamientos.<\/p><p>Nunca subdividir a m\u00e1s de un tercer nivel. Esto s\u00f3lo causa confusi\u00f3n. Si a\u00fan necesita t\u00edtulos por debajo del tercer nivel, inserte el subt\u00edtulo sin n\u00fameros de subdivisi\u00f3n.<\/p><p>O puede ayudarse con el resaltado: Si est\u00e1 creando una lista ordenada (en la que el orden es importante, es decir, la mayor\u00eda de las enumeraciones cerradas), utilice la enumeraci\u00f3n 1,2,3...(9\u00ba campo por la derecha).<\/p><p>Si est\u00e1 creando una lista desordenada en la que el orden no es importante (es decir, mayoritariamente listas no finales), utilice el resaltado con el punto negro (8\u00ba campo desde la derecha).<\/p><h3 id=\"absaetze\" class=\"sectionedit15\">Tacones<\/h3><div class=\"level3\"><p>Tenga en cuenta que, para crear un p\u00e1rrafo, debe pulsar dos veces la tecla de avance; esto tambi\u00e9n se aplica si una l\u00ednea termina en medio y, por tanto, da la impresi\u00f3n de que aqu\u00ed ya se ha insertado un p\u00e1rrafo.<\/p><p>Si s\u00f3lo desea un interlineado sencillo, inserte \"\\\\\" (AltGr pulsada con la tecla ?\/\u00df)<\/p><p>No olvides guardar la edici\u00f3n. \u00a1Est\u00e1 avisado! Si no guardas, se perder\u00e1 todo el texto.<\/p><p>A continuaci\u00f3n, volver\u00e1 a la ventana de tramitaci\u00f3n de la VA.<\/p><h3 id=\"links_setzen\" class=\"sectionedit16\">Establecer enlaces<\/h3><div class=\"level3\"><p>Puede enlazar los textos, ya sea dentro de los textos de las BPAs\u00ae (s\u00edmbolo de cadena solo) o con Internet (s\u00edmbolo de cadena delante del globo terr\u00e1queo, enlace externo).<\/p><p>Para un enlace interno, llame primero a la p\u00e1gina a la que desea enlazar. Copie la direcci\u00f3n de la barra de direcciones.<\/p><p>A continuaci\u00f3n, vaya al lugar de la ventana de edici\u00f3n donde desee insertar el enlace. Puede insertar all\u00ed la direcci\u00f3n y separarla de la palabra clave con una l\u00ednea vertical |. A continuaci\u00f3n, combine el enlace y la palabra clave con el rat\u00f3n y haga clic en el s\u00edmbolo \"Enlace interno\".<\/p><p>Tendr\u00e1 el siguiente aspecto&nbsp;<a class=\"wikilink2\" title=\"http:www.gutehospitalpraxis.de:wiki:90_anerkannte_regeln:start\" href=\"https:\/\/gutehospitalpraxis.de\/es\/manual\/9-normas-reconocidas\/\" rel=\"nofollow\" data-wiki-id=\"http:www.gutehospitalpraxis.de:wiki:90_anerkannte_regeln:start\">Normas reconocidas<\/a>&nbsp;(s\u00f3lo visible en modo edici\u00f3n)<\/p><p>Los enlaces externos se reconocen cuando se introducen como&nbsp;<a class=\"urlextern\" title=\"http:\/\/www.google.com\" href=\"http:\/\/www.google.com\/\" target=\"_blank\" rel=\"ugc nofollow noopener\">http:\/\/www.google.com<\/a>&nbsp;o simplemente como&nbsp;<a class=\"urlextern\" title=\"http:\/\/www.google.com\" href=\"http:\/\/www.google.com\/\" target=\"_blank\" rel=\"ugc nofollow noopener\">www.google.com<\/a>.<\/p><p>Las direcciones de correo electr\u00f3nico se reconocen si se escriben como upaschen@iq-institut.de.<\/p><p>Si desea establecer un enlace a, por ejemplo, una palabra sin especificar la ruta, entonces separe la palabra con una barra vertical| (normalmente con los caracteres &gt;\/&lt; juntos usando la tecla AltGr) Esto entonces se ve as\u00ed (\u00a1s\u00f3lo visible en modo edici\u00f3n!):<\/p><p><a class=\"wikilink2\" title=\"http:www.iq-institut.de:index.php\" href=\"https:\/\/gutehospitalpraxis.de\/es\/manual\/9-normas-reconocidas\/\" rel=\"nofollow\" data-wiki-id=\"http:www.iq-institut.de:index.php\">Normas reconocidas<\/a><\/p><h3 id=\"fertig\" class=\"sectionedit17\">\u00bfPreparado?<\/h3><div class=\"level3\"><p>Cuando haya terminado, a\u00f1ada su firma si lo desea (s\u00edmbolo del l\u00e1piz con l\u00edneas, 3er s\u00edmbolo de la derecha).<\/p><h2 id=\"vergessen_sie_nicht_zu_speichern\" class=\"sectionedit18\">No olvide ahorrar.<\/h2><h2 id=\"ein_dokument_anhaengen_aus_einer_datei\" class=\"sectionedit19\">Adjuntar un documento desde un fichero<\/h2><div class=\"level2\"><p>Puede dejar un formulario, tabla o folleto como documento WORD o PDF y llamarlo desde el texto de la VA. Esta es siempre una buena idea para los anexos de una VA.<\/p><p>Primero debe cargar dichos documentos en un archivo. Esto no es f\u00e1cil. Si le resulta demasiado complicado, env\u00ede el documento al administrador contact@iq-institut.de . Nosotros colocaremos el documento en el lugar adecuado.<\/p><p>Debe proceder del siguiente modo:<\/p><p>En la ventana de edici\u00f3n, haga clic en el icono \"Archivo\" (el marco de la ventana, 6\u00ba icono por la derecha)<\/p><p>A continuaci\u00f3n se abrir\u00e1 la selecci\u00f3n de archivos. En la ventana de la izquierda ver\u00e1 la estructura de los archivos (que aqu\u00ed se denomina namespace), en la ventana grande de la derecha los archivos con detalles y las instrucciones para cargarlos.<\/p><p>Cargue siempre los textos y las im\u00e1genes en la secci\u00f3n en la que se encuentra la VA. Puedes llegar all\u00ed haciendo clic en el espacio de nombres de la izquierda. Asigne a los archivos la codificaci\u00f3n adecuada: as\u00ed estar\u00e1n organizados y ser\u00e1n m\u00e1s f\u00e1ciles de encontrar.<br>Examine sus archivos y cargue el documento en el espacio de nombres. Puede cargar textos y gr\u00e1ficos<\/p><p>Cerrar la selecci\u00f3n de archivos<\/p><p>Vaya al lugar donde desea insertar el texto o el gr\u00e1fico. Cambie al modo de edici\u00f3n. Vaya a la ubicaci\u00f3n donde debe colocarse el documento.<\/p><p>Haga clic en el icono \"Insertar archivo\" (marco de imagen). Se abre la selecci\u00f3n de archivos. Haga doble clic en el archivo que desee insertar.<\/p><p>La ruta al archivo se muestra en la ventana de edici\u00f3n entre llaves. Si desea incluir un enlace, separe la ruta con una l\u00ednea vertical |, agarre todo el archivo con el rat\u00f3n y haga clic en enlace interno.<\/p><p>Si tiene alg\u00fan problema, llame al administrador (040-822 907 97). O env\u00ede un correo electr\u00f3nico a upaschen@iq-institut.de. Le ayudaremos.<\/p><h2 id=\"rss_aenderungen_abonnieren\" class=\"sectionedit20\">Suscr\u00edbase a los cambios RSS<\/h2><div class=\"level2\"><p>Puede suscribirse a una p\u00e1gina en \"ACCIONES DEL USUARIO\", abajo a la izquierda. Para ello, haga clic en \"Suscribirse a los cambios\" en la parte inferior izquierda en \"ACCIONES DE LOS USUARIOS\" o haga clic en el icono en la barra de direcciones de su navegador&nbsp;<a class=\"media\" title=\"80_recursos:rss_muy_peque\u00f1o.png\" href=\"https:\/\/gutehospitalpraxis.de\/es\/wiki\/_detail\/80_ressourcen\/rss_sehr_klein.png\/?id=hinweise_fuer_authoren\"><img decoding=\"async\" class=\"media\" src=\"https:\/\/gutehospitalpraxis.de\/wiki\/_media\/80_ressourcen\/rss_sehr_klein.png\" alt=\"\"><\/a>.<\/p><\/div><\/div><\/div><\/div><\/div><\/div><\/div><\/div><\/div><\/div><\/div><\/div><\/div><\/div><\/div><\/div><\/div><\/div>\t\t\t\t\t\t\t\t<\/div>\n\t\t\t\t<\/div>\n\t\t\t\t\t<\/div>\n\t\t\t\t<\/div>\n\t\t\t\t<\/div>","protected":false},"excerpt":{"rendered":"<p>Als Autor aktiv\u00a0 mitwirken Die GHP bietet eine Struktur zur Ordnung und Verwaltung von Verfahrensanweisungen (VAs), Arbeitsanweisungen, Formularen und Merkbl\u00e4ttern, die in einem umfassenden QM-System des Krankenhauses vorgelegt werden m\u00fcssen, um Kunden (Kostentr\u00e4ger, Einweiser, Patienten und Aufsichtsbeh\u00f6rden) und Leitung des Krankenhauses von der Qualit\u00e4t der Leistungserstellung zu \u00fcberzeugen. Die Erstellung von Verfahrensanweisungen ist viel aufw\u00e4ndiger [&hellip;]<\/p>\n","protected":false},"author":1,"featured_media":0,"parent":0,"menu_order":0,"comment_status":"closed","ping_status":"closed","template":"","meta":{"_acf_changed":false,"footnotes":""},"class_list":["post-11704","page","type-page","status-publish","hentry","no-post-thumbnail"],"acf":[],"_links":{"self":[{"href":"https:\/\/gutehospitalpraxis.de\/es\/wp-json\/wp\/v2\/pages\/11704","targetHints":{"allow":["GET"]}}],"collection":[{"href":"https:\/\/gutehospitalpraxis.de\/es\/wp-json\/wp\/v2\/pages"}],"about":[{"href":"https:\/\/gutehospitalpraxis.de\/es\/wp-json\/wp\/v2\/types\/page"}],"author":[{"embeddable":true,"href":"https:\/\/gutehospitalpraxis.de\/es\/wp-json\/wp\/v2\/users\/1"}],"replies":[{"embeddable":true,"href":"https:\/\/gutehospitalpraxis.de\/es\/wp-json\/wp\/v2\/comments?post=11704"}],"version-history":[{"count":1,"href":"https:\/\/gutehospitalpraxis.de\/es\/wp-json\/wp\/v2\/pages\/11704\/revisions"}],"predecessor-version":[{"id":13902,"href":"https:\/\/gutehospitalpraxis.de\/es\/wp-json\/wp\/v2\/pages\/11704\/revisions\/13902"}],"wp:attachment":[{"href":"https:\/\/gutehospitalpraxis.de\/es\/wp-json\/wp\/v2\/media?parent=11704"}],"curies":[{"name":"wp","href":"https:\/\/api.w.org\/{rel}","templated":true}]}}