{"id":11726,"date":"2024-12-11T21:07:08","date_gmt":"2024-12-11T20:07:08","guid":{"rendered":"https:\/\/extali.eu\/?page_id=11726"},"modified":"2025-01-03T17:53:41","modified_gmt":"2025-01-03T16:53:41","slug":"imprimir","status":"publish","type":"page","link":"https:\/\/gutehospitalpraxis.de\/es\/impressum\/","title":{"rendered":"Pie de imprenta"},"content":{"rendered":"<div data-elementor-type=\"wp-page\" data-elementor-id=\"11726\" class=\"elementor elementor-11726\" data-elementor-post-type=\"page\">\n\t\t\t\t<div class=\"elementor-element elementor-element-46abe7c e-flex e-con-boxed e-con e-parent\" data-id=\"46abe7c\" data-element_type=\"container\" data-e-type=\"container\">\n\t\t\t\t\t<div class=\"e-con-inner\">\n\t\t\t\t<div class=\"elementor-element elementor-element-0c899bf elementor-widget elementor-widget-text-editor\" data-id=\"0c899bf\" data-element_type=\"widget\" data-e-type=\"widget\" data-widget_type=\"text-editor.default\">\n\t\t\t\t<div class=\"elementor-widget-container\">\n\t\t\t\t\t\t\t\t\t<p><strong>Informaci\u00f3n seg\u00fan \u00a75 TMG<br><\/strong>Dr. Ulrich Paschen<br>Consultor\u00eda QM en medicina y ciencia<br>Dorfstr. 38<br>24857 Fahrdorf<\/p><p><strong>Tel\u00e9fono<br><\/strong>04621 4216 208<\/p><p><strong>Tel\u00e9fono m\u00f3vil<br><\/strong>0177 \/ 21 25 058<\/p><p><strong><br>Internet<br><\/strong><a href=\"https:\/\/gutehospitalpraxis.de\/es\/\">www.gutehospitalpraxis.de<\/a><\/p><p><strong>correo electr\u00f3nico<br><\/strong><a href=\"mailto:upaschen@gutehospitalpraxis.de\">upaschen@gutehospitalpraxis.de<\/a><\/p><p><strong>Sede de la empresa<br><\/strong>Fahrdorf, Schleswig-Holstein<\/p><p><strong>N\u00famero de identificaci\u00f3n fiscal<br><\/strong>DE305095649<\/p><p><strong>Responsable seg\u00fan \u00a75 TMG<br><\/strong>Dr. Ulrich Paschen<\/p><p>En alem\u00e1n, muchos sustantivos abstractos llevan art\u00edculo masculino. Los art\u00edculos se utilizan aqu\u00ed exclusivamente por razones gramaticales y no favorecen ning\u00fan g\u00e9nero biol\u00f3gico, sobre todo en los t\u00edtulos de puestos de trabajo o funciones en el organigrama. No obstante, siempre que es posible se eligen formas plurales indiferentes o abstractos femeninos.<\/p><p><strong><br>Aviso legal:<br><\/strong>Este sitio web contiene enlaces a otros sitios de Internet. Lo siguiente se aplica a todos estos enlaces:<\/p><p>Se\u00f1alamos expresamente que no tenemos influencia alguna sobre el dise\u00f1o y el contenido de las p\u00e1ginas enlazadas. Por lo tanto, por la presente nos distanciamos expresamente de todos los contenidos de todas las p\u00e1ginas enlazadas en esta p\u00e1gina web y no adoptamos estos contenidos como propios. Esta declaraci\u00f3n se aplica a todos los enlaces mostrados dentro de este dominio y a todos los contenidos de las p\u00e1ginas a las que conducen los banners y enlaces aqu\u00ed registrados.<\/p><p>Todos los derechos reservados. Toda la informaci\u00f3n y los datos de cualquier tipo (en lo sucesivo, el contenido) de la p\u00e1gina web son propiedad del Dr. Ulrich Paschen QM-Beratung in Medizin und Wissenschaft o est\u00e1n protegidos por derechos de autor. Representan el contenido m\u00e1s reciente en el momento de su publicaci\u00f3n. Queda excluida cualquier responsabilidad o garant\u00eda por la actualidad, exactitud e integridad de los contenidos ofrecidos.<\/p><p>El Dr. Ulrich Paschen QM-Beratung in Medizin und Wissenschaft no se hace responsable de los da\u00f1os directos o indirectos derivados del uso de los contenidos de este sitio web. No existen derechos ni obligaciones entre el usuario del sitio web y terceros.<br>El contenido de la p\u00e1gina web est\u00e1 protegido por derechos de autor. Los contenidos no pueden reproducirse, transmitirse y\/o publicarse o almacenarse en un sistema de informaci\u00f3n, ni total ni parcialmente, sin la autorizaci\u00f3n previa por escrito del autor.<\/p><p><strong><br>Concepto, dise\u00f1o y alojamiento<\/strong><br>cateatfish - COMUNICACI\u00d3N VISUAL E INTERACTIVA<br>una divisi\u00f3n de P\u00b2 Ventures UG<br>Su persona de contacto: Thomas Poschen<br>Crocusstr. 33<br>73663 Berglen, Alemania<br>Tel\u00e9fono: +49 71 51 -58 58 141<br><a href=\"http:\/\/www.cateatfish.com\/\" target=\"_blank\" rel=\"noopener\">www.cateatfish.com<\/a><br><a href=\"mailto:info@cateatfish.com\" target=\"_blank\" rel=\"noopener\">info@cateatfish.com<\/a><\/p>\t\t\t\t\t\t\t\t<\/div>\n\t\t\t\t<\/div>\n\t\t\t\t\t<\/div>\n\t\t\t\t<\/div>\n\t\t\t\t<\/div>","protected":false},"excerpt":{"rendered":"<p>Angaben gem\u00e4\u00df \u00a75 TMGDr. med. Ulrich PaschenQM-Beratung in\u00a0Medizin und WissenschaftDorfstr. 3824857 Fahrdorf Telefon04621 4216 208 Mobil-Telefon0177 \/ 21 25 058 Internetwww.gutehospitalpraxis.de E-Mailupaschen@gutehospitalpraxis.de FirmensitzFahrdorf, Schleswig-Holstein Umsatzsteuer-IdentifikationsnummerDE305095649 Verantwortlicher im Sinne \u00a75 TMGDr. med. Ulrich Paschen In der deutschen Sprache haben viele Abstrakta einen maskulinen Artikel. Artikel werden hier ausschlie\u00dflich grammatikalisch verwandt und bevorzugen kein biologisches Geschlecht, schon [&hellip;]<\/p>\n","protected":false},"author":1,"featured_media":0,"parent":0,"menu_order":0,"comment_status":"closed","ping_status":"closed","template":"","meta":{"_acf_changed":false,"footnotes":""},"class_list":["post-11726","page","type-page","status-publish","hentry","no-post-thumbnail"],"acf":[],"_links":{"self":[{"href":"https:\/\/gutehospitalpraxis.de\/es\/wp-json\/wp\/v2\/pages\/11726","targetHints":{"allow":["GET"]}}],"collection":[{"href":"https:\/\/gutehospitalpraxis.de\/es\/wp-json\/wp\/v2\/pages"}],"about":[{"href":"https:\/\/gutehospitalpraxis.de\/es\/wp-json\/wp\/v2\/types\/page"}],"author":[{"embeddable":true,"href":"https:\/\/gutehospitalpraxis.de\/es\/wp-json\/wp\/v2\/users\/1"}],"replies":[{"embeddable":true,"href":"https:\/\/gutehospitalpraxis.de\/es\/wp-json\/wp\/v2\/comments?post=11726"}],"version-history":[{"count":1,"href":"https:\/\/gutehospitalpraxis.de\/es\/wp-json\/wp\/v2\/pages\/11726\/revisions"}],"predecessor-version":[{"id":13906,"href":"https:\/\/gutehospitalpraxis.de\/es\/wp-json\/wp\/v2\/pages\/11726\/revisions\/13906"}],"wp:attachment":[{"href":"https:\/\/gutehospitalpraxis.de\/es\/wp-json\/wp\/v2\/media?parent=11726"}],"curies":[{"name":"wp","href":"https:\/\/api.w.org\/{rel}","templated":true}]}}