{"id":11698,"date":"2024-12-11T19:40:17","date_gmt":"2024-12-11T18:40:17","guid":{"rendered":"https:\/\/extali.eu\/?page_id=11698"},"modified":"2025-02-20T19:39:40","modified_gmt":"2025-02-20T18:39:40","slug":"a-propos-de-la-ghp","status":"publish","type":"page","link":"https:\/\/gutehospitalpraxis.de\/fr\/ueber-die-ghp\/","title":{"rendered":"\u00c0 propos du GHP"},"content":{"rendered":"<div data-elementor-type=\"wp-page\" data-elementor-id=\"11698\" class=\"elementor elementor-11698\" data-elementor-post-type=\"page\">\n\t\t\t\t<div class=\"elementor-element elementor-element-7b9dc05 e-flex e-con-boxed e-con e-parent\" data-id=\"7b9dc05\" data-element_type=\"container\" data-e-type=\"container\">\n\t\t\t\t\t<div class=\"e-con-inner\">\n\t\t\t\t<div class=\"elementor-element elementor-element-870320d elementor-widget elementor-widget-heading\" data-id=\"870320d\" data-element_type=\"widget\" data-e-type=\"widget\" data-widget_type=\"heading.default\">\n\t\t\t\t<div class=\"elementor-widget-container\">\n\t\t\t\t\t<h1 class=\"elementor-heading-title elementor-size-default\">\u00c0 propos du GHP<\/h1>\t\t\t\t<\/div>\n\t\t\t\t<\/div>\n\t\t\t\t<div class=\"elementor-element elementor-element-c3c53f8 elementor-widget elementor-widget-text-editor\" data-id=\"c3c53f8\" data-element_type=\"widget\" data-e-type=\"widget\" data-widget_type=\"text-editor.default\">\n\t\t\t\t<div class=\"elementor-widget-container\">\n\t\t\t\t\t\t\t\t\t<h2 id=\"die_ghp_im_internet\" class=\"sectionedit2\">Les bonnes pratiques hospitali\u00e8res sur Internet<\/h2><div class=\"level2\"><p>Les bonnes pratiques hospitali\u00e8res ont d\u00e9but\u00e9 en 1996. Depuis, des instructions de proc\u00e9dure ont \u00e9t\u00e9 \u00e9labor\u00e9es pour de nombreux th\u00e8mes. Pour d'autres, il nous manque encore des pr\u00e9sentations d\u00e9taill\u00e9es. Nous pensons que seule la collaboration de nombreux sp\u00e9cialistes permettra de combler les lacunes.<\/p><p>La gestion des proc\u00e9dures doit \u00e9galement \u00eatre r\u00e9partie sur un plus grand nombre d'\u00e9paules.<\/p><p>Afin de faire avancer l'ensemble de l'\u0153uvre, nous avons d\u00e9cid\u00e9 de lib\u00e9rer les textes sous certaines conditions. Nous vous demandons de bien vouloir collaborer \u00e0 l'\u00e9laboration de ces documents.<\/p><h2 id=\"paten_gesucht\" class=\"sectionedit3\">On cherche des parrains !<\/h2><div class=\"level2\"><p>Nous recherchons des auteurs qui acceptent de parrainer des proc\u00e9dures individuelles. Qui conna\u00eet suffisamment bien un sujet pour pouvoir d\u00e9velopper le texte ou en cr\u00e9er un tout nouveau ?<br>Qui met \u00e0 disposition des solutions types, voire des formulaires ou des organigrammes ?<br>Les personnes qui souhaitent participer doivent d'abord s'inscrire. Veuillez expliquer dans un mail le th\u00e8me que vous souhaitez traiter.<br>L'administrateur vous attribue alors des droits de modification pour les instructions de proc\u00e9dure correspondantes.<br>Les parrains peuvent faire r\u00e9f\u00e9rence \u00e0 leurs propres offres (s\u00e9minaires, services, produits, site web, etc.) dans leurs documents.<br>Inscrivez-vous sous \"user actions\" (tout en bas dans la navigation !) Obtenez un mot de passe et faites-vous attribuer des droits d'\u00e9dition pour votre th\u00e8me.<\/p><p>Pour en savoir plus, voir&nbsp;<a class=\"urlextern\" title=\"http:\/\/www.gutehospitalpraxis.de\/wiki\/hinweise_fuer_authoren\" href=\"https:\/\/gutehospitalpraxis.de\/fr\/notes-aux-auteurs\/\" target=\"_blank\" rel=\"ugc nofollow noopener\">\"Notes pour les auteurs\"<\/a><\/p><h2 id=\"urheberrecht\" class=\"sectionedit4\">Droit d'auteur<\/h2><div class=\"level2\"><p>Les textes sont prot\u00e9g\u00e9s par le droit d'auteur, mais peuvent \u00eatre utilis\u00e9s sans autorisation expresse, \u00e0 condition de mentionner la source*.<br>La source doit \u00eatre cit\u00e9e avec la phrase suivante : \"En utilisant un texte des Bonnes Pratiques Hospitali\u00e8res (BPH\u00ae) t\u00e9l\u00e9charg\u00e9 le (date) et en indiquant le&nbsp;<abbr title=\"Localisateur de ressources uniformes\">URL<\/abbr>. Le texte peut \u00eatre r\u00e9utilis\u00e9 dans le respect de la licence Creative Commons\".<\/p><p>Pour en savoir plus, voir le&nbsp;<a class=\"wikilink1\" title=\"mentions l\u00e9gales\" href=\"https:\/\/gutehospitalpraxis.de\/fr\/mentions-legales\/\" data-wiki-id=\"impressum\">Mentions l\u00e9gales<\/a><\/p><p><em>*Copyright 2025 Dr. U. Paschen QM-Beratung in Medizin und Wissenschaft et\/ou auteur nomm\u00e9<\/em> La copie, la distribution et\/ou la modification sont autoris\u00e9es selon les termes de la licence publique Creative Commons version 4.0. Vous pouvez : reproduire et redistribuer le mat\u00e9riel dans n'importe quel format ou sur n'importe quel support, remixer, modifier et construire \u00e0 partir du mat\u00e9riel \u00e0 n'importe quelle fin, m\u00eame commerciale. Le donneur de licence ne peut pas r\u00e9voquer ces libert\u00e9s tant que vous respectez les conditions de la licence. Cette licence est adapt\u00e9e aux \u0153uvres culturelles libres. La structure avec les titres des chapitres et les instructions de proc\u00e9dure sont des sections immuables. Pas de texte de couverture avant ni de texte de couverture arri\u00e8re.<br>Une copie du texte de la licence se trouve&nbsp;<a class=\"urlextern\" title=\"https:\/\/creativecommons.org\/licenses\/by\/4.0\/legalcode.de\" href=\"https:\/\/creativecommons.org\/licenses\/by\/4.0\/legalcode.de\" target=\"_blank\" rel=\"ugc nofollow noopener\">Creative Commons International<\/a><\/p><p><em>Copyright \u00a9 2025 Dr. U. Paschen QM-Consulting in Medicine and Science and\/or named author<\/em>&nbsp;Permission est donn\u00e9e de copier, distribuer et\/ou modifier ce document selon les termes de la licence Creative Commons Public License version 4.0 pour n'importe quel but, m\u00eame commercial. Cette licence est acceptable pour les \u0152uvres Culturelles Libres. Le titulaire de la licence ne peut pas r\u00e9voquer ces libert\u00e9s tant que vous respectez les termes de la licence.&nbsp;<a class=\"urlextern\" title=\"https:\/\/creativecommons.org\/licenses\/by\/4.0\/legalcode\" href=\"https:\/\/creativecommons.org\/licenses\/by\/4.0\/legalcode\" target=\"_blank\" rel=\"ugc nofollow noopener\">Licence publique Creative Commons<\/a><\/p><\/div><\/div><\/div>\t\t\t\t\t\t\t\t<\/div>\n\t\t\t\t<\/div>\n\t\t\t\t<div class=\"elementor-element elementor-element-b5a56d3 elementor-widget elementor-widget-text-editor\" data-id=\"b5a56d3\" data-element_type=\"widget\" data-e-type=\"widget\" data-widget_type=\"text-editor.default\">\n\t\t\t\t<div class=\"elementor-widget-container\">\n\t\t\t\t\t\t\t\t\t<div class=\"level1\"><p><strong>Qu'est-ce que les Bonnes Pratiques Hospitali\u00e8res GHP\u00ae et qu'est-ce qu'elles ne sont pas ?<\/strong><\/p><\/div><div class=\"level2\"><p>Les bonnes pratiques hospitali\u00e8res GHP\u00ae sont un manuel de gestion de la qualit\u00e9 pour l'ensemble de l'h\u00f4pital. Elle int\u00e8gre les \u00e9l\u00e9ments de structure et de fonctionnement de l'organisation, les groupes professionnels, les disciplines sp\u00e9cialis\u00e9es et les services auxquels l'h\u00f4pital fait appel pour remplir sa mission. Elle int\u00e8gre dans le syst\u00e8me global les syst\u00e8mes de GQ traditionnels que sont la s\u00e9curit\u00e9 au travail, l'hygi\u00e8ne, la radioprotection, la s\u00e9curit\u00e9 technique, la pharmacie, la m\u00e9decine transfusionnelle, etc. En ce sens, elle est globale.<\/p><p>Le GHP\u00ae est un syst\u00e8me de gestion de la qualit\u00e9 sp\u00e9cifique aux h\u00f4pitaux, qui s'inspire de la norme DIN EN ISO 9001:2015 et de la norme DIN EN 15224:2017. Il interpr\u00e8te les exigences de la norme en mati\u00e8re de pr\u00e9sentation de la qualit\u00e9 dans l'optique de l'h\u00f4pital et d'autres \u00e9tablissements de soins de sant\u00e9. Lors de l'interpr\u00e9tation, la norme d'accr\u00e9ditation de la Joint Commission International 2025 et le catalogue KTQ\u00ae 2021 ont \u00e9t\u00e9 utilis\u00e9s et \u00e9valu\u00e9s. En outre, les exigences l\u00e9gales relatives au fonctionnement de l'h\u00f4pital ont \u00e9t\u00e9 prises en compte, notamment la directive QM du G-BA.<\/p><p>Aucune proc\u00e9dure de certification propre au GHP\u00ae n'est propos\u00e9e. Celui qui con\u00e7oit un syst\u00e8me de gestion de la qualit\u00e9 avec les VA du GHP\u00ae peut se pr\u00e9senter \u00e0 l'auditeur pour un certificat selon la norme DIN EN ISO 9001:2015, DIN EN 15224:2017, l'accr\u00e9ditation par la JCI ou le visiteur de la KTQ\u00ae. Dans tous les cas, la conformit\u00e9 du syst\u00e8me de gestion de la qualit\u00e9 avec les catalogues de certification ou d'accr\u00e9ditation est obtenue.<\/p><p>Le manuel de gestion de la qualit\u00e9 des \"Bonnes pratiques hospitali\u00e8res\" est divis\u00e9 en 9 chapitres. Les chapitres 1 - 5 contiennent la description du syst\u00e8me de gestion de la qualit\u00e9. Les chapitres 6 - 9 sont des annexes contenant des documents individuels sur les proc\u00e9dures de traitement (6), les descriptions de t\u00e2ches (7), les ressources telles que les appareils, les locaux, le mat\u00e9riel, les formations (8) et un ensemble de lois, directives, lignes directrices que nous appelons \"catalogue des \"r\u00e8gles reconnues\"\" (9).<\/p><p>Actuellement, plus de 1000 AP, descriptions de t\u00e2ches et instructions de travail ont \u00e9t\u00e9 \u00e9labor\u00e9es pour les BPE\u00ae. Avec les formulaires, les fiches techniques et les autres annexes, environ 2600 documents sont disponibles ou en cours de planification. Nombre d'entre eux sont mis \u00e0 disposition via ce site web.<\/p><p>Vous pouvez participer \u00e0 son \u00e9laboration via cette plateforme. Si vous voulez en savoir plus, lisez la&nbsp;<a class=\"urlextern\" title=\"http:\/\/www.gutehospitalpraxis.de\/wiki\/hinweise_fuer_autoren\" href=\"https:\/\/gutehospitalpraxis.de\/fr\/notes-aux-auteurs\/\" target=\"_blank\" rel=\"ugc nofollow noopener\">\"Notes pour les auteurs\"<\/a><\/p><p>Un guide pour la mise en place ou la modification de syst\u00e8mes de gestion de la qualit\u00e9 conformes aux normes dans les organisations de soins de sant\u00e9 selon les normes DIN EN ISO 9001:2015 et DIN EN 15224, par le Dr Ulrich Paschen, vient de para\u00eetre aux \u00e9ditions Beuth ! Le livre contient le texte int\u00e9gral de la norme ISO 9001, compl\u00e9t\u00e9 par les passages compl\u00e9mentaires de la norme DIN EN 15224, les lois, ordonnances et directives applicables, un commentaire sur les normes et une proposition d'instructions de proc\u00e9dure n\u00e9cessaires pour les sections.<\/p><\/div>\t\t\t\t\t\t\t\t<\/div>\n\t\t\t\t<\/div>\n\t\t\t\t\t<\/div>\n\t\t\t\t<\/div>\n\t\t\t\t<\/div>","protected":false},"excerpt":{"rendered":"<p>\u00dcber die GHP Die Gute Hospitalpraxis im Internet Die Gute Hospital-Praxis wurde 1996 begonnen. Inzwischen sind f\u00fcr viele Themen Verfahrensanweisungen entstanden. F\u00fcr andere fehlen uns noch ausf\u00fchrliche Darstellungen. Wir glauben, dass nur unter Mitarbeit vieler Fachleute die L\u00fccken geschlossen werden k\u00f6nnen. Auch die Pflege der Verfahrensanweisungen muss auf mehr Schultern verteilt werden. Um das Gesamtwerk [&hellip;]<\/p>\n","protected":false},"author":1,"featured_media":0,"parent":0,"menu_order":0,"comment_status":"closed","ping_status":"closed","template":"","meta":{"_acf_changed":false,"footnotes":""},"class_list":["post-11698","page","type-page","status-publish","hentry","no-post-thumbnail"],"acf":[],"_links":{"self":[{"href":"https:\/\/gutehospitalpraxis.de\/fr\/wp-json\/wp\/v2\/pages\/11698","targetHints":{"allow":["GET"]}}],"collection":[{"href":"https:\/\/gutehospitalpraxis.de\/fr\/wp-json\/wp\/v2\/pages"}],"about":[{"href":"https:\/\/gutehospitalpraxis.de\/fr\/wp-json\/wp\/v2\/types\/page"}],"author":[{"embeddable":true,"href":"https:\/\/gutehospitalpraxis.de\/fr\/wp-json\/wp\/v2\/users\/1"}],"replies":[{"embeddable":true,"href":"https:\/\/gutehospitalpraxis.de\/fr\/wp-json\/wp\/v2\/comments?post=11698"}],"version-history":[{"count":17,"href":"https:\/\/gutehospitalpraxis.de\/fr\/wp-json\/wp\/v2\/pages\/11698\/revisions"}],"predecessor-version":[{"id":15948,"href":"https:\/\/gutehospitalpraxis.de\/fr\/wp-json\/wp\/v2\/pages\/11698\/revisions\/15948"}],"wp:attachment":[{"href":"https:\/\/gutehospitalpraxis.de\/fr\/wp-json\/wp\/v2\/media?parent=11698"}],"curies":[{"name":"wp","href":"https:\/\/api.w.org\/{rel}","templated":true}]}}