{"id":11726,"date":"2024-12-11T21:07:08","date_gmt":"2024-12-11T20:07:08","guid":{"rendered":"https:\/\/extali.eu\/?page_id=11726"},"modified":"2025-01-03T17:53:41","modified_gmt":"2025-01-03T16:53:41","slug":"mentions-legales","status":"publish","type":"page","link":"https:\/\/gutehospitalpraxis.de\/fr\/impressum\/","title":{"rendered":"Mentions l\u00e9gales"},"content":{"rendered":"<div data-elementor-type=\"wp-page\" data-elementor-id=\"11726\" class=\"elementor elementor-11726\" data-elementor-post-type=\"page\">\n\t\t\t\t<div class=\"elementor-element elementor-element-46abe7c e-flex e-con-boxed e-con e-parent\" data-id=\"46abe7c\" data-element_type=\"container\" data-e-type=\"container\">\n\t\t\t\t\t<div class=\"e-con-inner\">\n\t\t\t\t<div class=\"elementor-element elementor-element-0c899bf elementor-widget elementor-widget-text-editor\" data-id=\"0c899bf\" data-element_type=\"widget\" data-e-type=\"widget\" data-widget_type=\"text-editor.default\">\n\t\t\t\t<div class=\"elementor-widget-container\">\n\t\t\t\t\t\t\t\t\t<p><strong>Informations selon \u00a75 TMG<br><\/strong>Dr. med. Ulrich Paschen<br>Conseil en gestion de la qualit\u00e9 en m\u00e9decine et en sciences<br>38, rue du Village<br>24857 Fahrdorf<\/p><p><strong>T\u00e9l\u00e9phone<br><\/strong>04621 4216 208<\/p><p><strong>T\u00e9l\u00e9phone mobile<br><\/strong>0177 \/ 21 25 058<\/p><p><strong><br>Internet<br><\/strong><a href=\"https:\/\/gutehospitalpraxis.de\/fr\/\">www.gutehospitalpraxis.de<\/a><\/p><p><strong>Courrier \u00e9lectronique<br><\/strong><a href=\"mailto:upaschen@gutehospitalpraxis.de\">upaschen@gutehospitalpraxis.de<\/a><\/p><p><strong>Si\u00e8ge de l'entreprise<br><\/strong>Fahrdorf, Schleswig-Holstein<\/p><p><strong>Num\u00e9ro d'identification de la taxe sur le chiffre d'affaires<br><\/strong>DE305095649<\/p><p><strong>Responsable au sens du \u00a75 TMG<br><\/strong>Dr. med. Ulrich Paschen<\/p><p>Dans la langue allemande, de nombreux abstracts ont un article masculin. Les articles sont utilis\u00e9s ici exclusivement \u00e0 des fins grammaticales et ne privil\u00e9gient aucun sexe biologique, surtout pas pour les d\u00e9signations de professions ou les fonctions dans les organigrammes. Dans la mesure du possible, des formes indiff\u00e9renci\u00e9es du pluriel ou des abstracts f\u00e9minins sont n\u00e9anmoins choisis.<\/p><p><strong><br>Avis juridique :<br><\/strong>Ce site web a plac\u00e9 sur ses pages des liens vers d'autres sites sur Internet. La r\u00e8gle suivante s'applique \u00e0 tous ces liens :<\/p><p>Nous attirons express\u00e9ment l'attention sur le fait que nous n'avons aucune influence sur la conception et le contenu des pages li\u00e9es. C'est pourquoi nous nous distan\u00e7ons express\u00e9ment par la pr\u00e9sente de tous les contenus de toutes les pages li\u00e9es \u00e0 ce site et ne nous approprions pas ces contenus. Cette d\u00e9claration est valable pour tous les liens affich\u00e9s dans ce domaine et pour tous les contenus des pages auxquelles m\u00e8nent les banni\u00e8res et les liens annonc\u00e9s ici.<\/p><p>Tous droits r\u00e9serv\u00e9s. Toutes les informations et donn\u00e9es de quelque nature que ce soit (ci-apr\u00e8s d\u00e9nomm\u00e9es contenus) figurant sur le site Internet sont la propri\u00e9t\u00e9 du Dr Ulrich Paschen QM-Beratung in Medizin und Wissenschaft ou sont prot\u00e9g\u00e9es par des droits d'auteur. Ils repr\u00e9sentent les contenus les plus r\u00e9cents au moment de la publication. Toute responsabilit\u00e9 ou garantie quant \u00e0 l'actualit\u00e9, l'exactitude et l'exhaustivit\u00e9 des contenus mis \u00e0 disposition est exclue.<\/p><p>Ulrich Paschen QM-Beratung in Medizin und Wissenschaft n'est pas responsable des dommages directs ou indirects r\u00e9sultant de l'utilisation des contenus disponibles sur ce site. Il n'existe aucun droit ou obligation entre l'utilisateur du site Internet ou des tiers.<br>Les contenus de la page d'accueil sont prot\u00e9g\u00e9s par les droits d'auteur. Il est interdit de reproduire, de transmettre et\/ou de publier tout ou partie de ces contenus ou de les enregistrer dans un syst\u00e8me d'information sans l'autorisation \u00e9crite pr\u00e9alable de l'auteur.<\/p><p><strong><br>Conception, design et h\u00e9bergement<\/strong><br>cateatfish - COMMUNICATION VISUELLE &amp; INTERACTIVE<br>une division de P\u00b2 Ventures UG<br>Votre contact : Thomas Poschen<br>33, rue des Crocus<br>73663 Berglen, Allemagne<br>T\u00e9l\u00e9phone : +49 71 51 -58 58 141<br><a href=\"http:\/\/www.cateatfish.com\/\" target=\"_blank\" rel=\"noopener\">www.cateatfish.com<\/a><br><a href=\"mailto:info@cateatfish.com\" target=\"_blank\" rel=\"noopener\">info@cateatfish.com<\/a><\/p>\t\t\t\t\t\t\t\t<\/div>\n\t\t\t\t<\/div>\n\t\t\t\t\t<\/div>\n\t\t\t\t<\/div>\n\t\t\t\t<\/div>","protected":false},"excerpt":{"rendered":"<p>Angaben gem\u00e4\u00df \u00a75 TMGDr. med. Ulrich PaschenQM-Beratung in\u00a0Medizin und WissenschaftDorfstr. 3824857 Fahrdorf Telefon04621 4216 208 Mobil-Telefon0177 \/ 21 25 058 Internetwww.gutehospitalpraxis.de E-Mailupaschen@gutehospitalpraxis.de FirmensitzFahrdorf, Schleswig-Holstein Umsatzsteuer-IdentifikationsnummerDE305095649 Verantwortlicher im Sinne \u00a75 TMGDr. med. Ulrich Paschen In der deutschen Sprache haben viele Abstrakta einen maskulinen Artikel. Artikel werden hier ausschlie\u00dflich grammatikalisch verwandt und bevorzugen kein biologisches Geschlecht, schon [&hellip;]<\/p>\n","protected":false},"author":1,"featured_media":0,"parent":0,"menu_order":0,"comment_status":"closed","ping_status":"closed","template":"","meta":{"_acf_changed":false,"footnotes":""},"class_list":["post-11726","page","type-page","status-publish","hentry","no-post-thumbnail"],"acf":[],"_links":{"self":[{"href":"https:\/\/gutehospitalpraxis.de\/fr\/wp-json\/wp\/v2\/pages\/11726","targetHints":{"allow":["GET"]}}],"collection":[{"href":"https:\/\/gutehospitalpraxis.de\/fr\/wp-json\/wp\/v2\/pages"}],"about":[{"href":"https:\/\/gutehospitalpraxis.de\/fr\/wp-json\/wp\/v2\/types\/page"}],"author":[{"embeddable":true,"href":"https:\/\/gutehospitalpraxis.de\/fr\/wp-json\/wp\/v2\/users\/1"}],"replies":[{"embeddable":true,"href":"https:\/\/gutehospitalpraxis.de\/fr\/wp-json\/wp\/v2\/comments?post=11726"}],"version-history":[{"count":1,"href":"https:\/\/gutehospitalpraxis.de\/fr\/wp-json\/wp\/v2\/pages\/11726\/revisions"}],"predecessor-version":[{"id":13906,"href":"https:\/\/gutehospitalpraxis.de\/fr\/wp-json\/wp\/v2\/pages\/11726\/revisions\/13906"}],"wp:attachment":[{"href":"https:\/\/gutehospitalpraxis.de\/fr\/wp-json\/wp\/v2\/media?parent=11726"}],"curies":[{"name":"wp","href":"https:\/\/api.w.org\/{rel}","templated":true}]}}