{"id":13920,"date":"2025-01-07T20:19:25","date_gmt":"2025-01-07T19:19:25","guid":{"rendered":"https:\/\/gutehospitalpraxis.de\/?page_id=13920"},"modified":"2025-01-07T20:25:18","modified_gmt":"2025-01-07T19:25:18","slug":"changelog","status":"publish","type":"page","link":"https:\/\/gutehospitalpraxis.de\/fr\/changelog\/","title":{"rendered":"Changelog"},"content":{"rendered":"<div data-elementor-type=\"wp-page\" data-elementor-id=\"13920\" class=\"elementor elementor-13920\" data-elementor-post-type=\"page\">\n\t\t\t\t<div class=\"elementor-element elementor-element-b2f382d e-flex e-con-boxed e-con e-parent\" data-id=\"b2f382d\" data-element_type=\"container\" data-e-type=\"container\">\n\t\t\t\t\t<div class=\"e-con-inner\">\n\t\t\t\t<div class=\"elementor-element elementor-element-8c3b7f1 elementor-widget elementor-widget-text-editor\" data-id=\"8c3b7f1\" data-element_type=\"widget\" data-e-type=\"widget\" data-widget_type=\"text-editor.default\">\n\t\t\t\t<div class=\"elementor-widget-container\">\n\t\t\t\t\t\t\t\t\t<p>Aper\u00e7u des derni\u00e8res modifications \/ adaptations des bonnes pratiques hospitali\u00e8res<\/p>\t\t\t\t\t\t\t\t<\/div>\n\t\t\t\t<\/div>\n\t\t\t\t\t<\/div>\n\t\t\t\t<\/div>\n\t\t<div class=\"elementor-element elementor-element-57bfc7b e-flex e-con-boxed e-con e-parent\" data-id=\"57bfc7b\" data-element_type=\"container\" data-e-type=\"container\">\n\t\t\t\t\t<div class=\"e-con-inner\">\n\t\t\t\t\t<\/div>\n\t\t\t\t<\/div>\n\t\t\t\t<\/div>","protected":false},"excerpt":{"rendered":"<p>Aper\u00e7u des derni\u00e8res modifications \/ adaptations des bonnes pratiques hospitali\u00e8res D\u00e9cembre 10, 2024 GHP 20 Release GHP 2.0 Janvier 6, 2025 GHP 2.0 GHP v 2.0 NOUVEAU Cr\u00e9\u00e9<\/p>","protected":false},"author":1,"featured_media":0,"parent":0,"menu_order":0,"comment_status":"closed","ping_status":"closed","template":"","meta":{"_acf_changed":false,"footnotes":""},"class_list":["post-13920","page","type-page","status-publish","hentry","no-post-thumbnail"],"acf":[],"_links":{"self":[{"href":"https:\/\/gutehospitalpraxis.de\/fr\/wp-json\/wp\/v2\/pages\/13920","targetHints":{"allow":["GET"]}}],"collection":[{"href":"https:\/\/gutehospitalpraxis.de\/fr\/wp-json\/wp\/v2\/pages"}],"about":[{"href":"https:\/\/gutehospitalpraxis.de\/fr\/wp-json\/wp\/v2\/types\/page"}],"author":[{"embeddable":true,"href":"https:\/\/gutehospitalpraxis.de\/fr\/wp-json\/wp\/v2\/users\/1"}],"replies":[{"embeddable":true,"href":"https:\/\/gutehospitalpraxis.de\/fr\/wp-json\/wp\/v2\/comments?post=13920"}],"version-history":[{"count":8,"href":"https:\/\/gutehospitalpraxis.de\/fr\/wp-json\/wp\/v2\/pages\/13920\/revisions"}],"predecessor-version":[{"id":13929,"href":"https:\/\/gutehospitalpraxis.de\/fr\/wp-json\/wp\/v2\/pages\/13920\/revisions\/13929"}],"wp:attachment":[{"href":"https:\/\/gutehospitalpraxis.de\/fr\/wp-json\/wp\/v2\/media?parent=13920"}],"curies":[{"name":"wp","href":"https:\/\/api.w.org\/{rel}","templated":true}]}}